{"id":20,"date":"2021-10-07T12:23:21","date_gmt":"2021-10-07T12:23:21","guid":{"rendered":"https:\/\/quiety-wp.themetags.com\/?page_id=20"},"modified":"2024-04-03T00:50:33","modified_gmt":"2024-04-03T05:50:33","slug":"contact","status":"publish","type":"page","link":"https:\/\/3dmship.com\/fr\/contact\/","title":{"rendered":"Nous Contacter"},"content":{"rendered":"<div data-elementor-type=\"wp-page\" data-elementor-id=\"20\" class=\"elementor elementor-20\">\n\t\t\t\t\t\t\t\t\t<section class=\"elementor-section elementor-top-section elementor-element elementor-element-d2d376a elementor-section-boxed elementor-section-height-default elementor-section-height-default\" data-id=\"d2d376a\" data-element_type=\"section\">\n\t\t\t\t\t\t<div class=\"elementor-container elementor-column-gap-default\">\n\t\t\t\t\t<div class=\"elementor-column elementor-col-50 elementor-top-column elementor-element elementor-element-eb83f40\" data-id=\"eb83f40\" data-element_type=\"column\">\n\t\t\t<div class=\"elementor-widget-wrap elementor-element-populated\">\n\t\t\t\t\t\t\t\t<div class=\"elementor-element elementor-element-0fb2d44 tt-shape-circle tt-equal-height-disable tt-view-stacked elementor-widget elementor-widget-tt-icon-box\" data-id=\"0fb2d44\" data-element_type=\"widget\" data-widget_type=\"tt-icon-box.default\">\n\t\t\t\t<div class=\"elementor-widget-container\">\n\t\t\t<div class=\"tt-icon-box icon--top\">\r\n\r\n                        <div class=\"tt-icon-box__icon-container\">\r\n                                    <svg aria-hidden=\"true\" class=\"e-font-icon-svg e-far-envelope\" viewbox=\"0 0 512 512\" xmlns=\"http:\/\/www.w3.org\/2000\/svg\"><path d=\"M464 64H48C21.49 64 0 85.49 0 112v288c0 26.51 21.49 48 48 48h416c26.51 0 48-21.49 48-48V112c0-26.51-21.49-48-48-48zm0 48v40.805c-22.422 18.259-58.168 46.651-134.587 106.49-16.841 13.247-50.201 45.072-73.413 44.701-23.208.375-56.579-31.459-73.413-44.701C106.18 199.465 70.425 171.067 48 152.805V112h416zM48 400V214.398c22.914 18.251 55.409 43.862 104.938 82.646 21.857 17.205 60.134 55.186 103.062 54.955 42.717.231 80.509-37.199 103.053-54.947 49.528-38.783 82.032-64.401 104.947-82.653V400H48z\"><\/path><\/svg>                            <\/div>\r\n            \r\n        <!-- \/.icon-container -->\r\n\r\n    <div class=\"tt-icon-box__content\">\r\n\r\n        <h3 class=\"tt-icon-box__title\">Par E-mail<\/h3>\r\n                    <p class=\"tt-icon-box__description translation-block\">Envoyez-nous simplement un e-mail \u00e0 <b> info@3dmship.com<\/b>, et nous vous r\u00e9pondrons dans les 48 heures<\/p>\r\n        \r\n                    <a class=\"tt-icon-box__button tt-btn\" href=\"mailto:info@3dmship.com\">\r\n                <span class=\"button-text-wrapper\">\r\n                    <span class=\"tt-button-icon tt-align-icon-\">\r\n                                            <\/span>\r\n                    <span class=\"de-button-text\">Par E-mail<\/span>\r\n                <\/span>\r\n                <!-- \/.button-text-wrapper -->\r\n            <\/a>\r\n            <\/div>\r\n\r\n    <\/div>\r\n<!-- \/.tt-icon-box -->\t\t<\/div>\n\t\t\t\t<\/div>\n\t\t\t\t\t<\/div>\n\t\t<\/div>\n\t\t\t\t<div class=\"elementor-column elementor-col-50 elementor-top-column elementor-element elementor-element-7fb5bd5\" data-id=\"7fb5bd5\" data-element_type=\"column\">\n\t\t\t<div class=\"elementor-widget-wrap elementor-element-populated\">\n\t\t\t\t\t\t\t\t<div class=\"elementor-element elementor-element-908ba10 tt-equal-height-enable tt-shape-circle tt-view-stacked elementor-widget elementor-widget-tt-icon-box\" data-id=\"908ba10\" data-element_type=\"widget\" data-widget_type=\"tt-icon-box.default\">\n\t\t\t\t<div class=\"elementor-widget-container\">\n\t\t\t<div class=\"tt-icon-box icon--top\">\r\n\r\n                        <div class=\"tt-icon-box__icon-container\">\r\n                                    <svg aria-hidden=\"true\" class=\"e-font-icon-svg e-fas-headset\" viewbox=\"0 0 512 512\" xmlns=\"http:\/\/www.w3.org\/2000\/svg\"><path d=\"M192 208c0-17.67-14.33-32-32-32h-16c-35.35 0-64 28.65-64 64v48c0 35.35 28.65 64 64 64h16c17.67 0 32-14.33 32-32V208zm176 144c35.35 0 64-28.65 64-64v-48c0-35.35-28.65-64-64-64h-16c-17.67 0-32 14.33-32 32v112c0 17.67 14.33 32 32 32h16zM256 0C113.18 0 4.58 118.83 0 256v16c0 8.84 7.16 16 16 16h16c8.84 0 16-7.16 16-16v-16c0-114.69 93.31-208 208-208s208 93.31 208 208h-.12c.08 2.43.12 165.72.12 165.72 0 23.35-18.93 42.28-42.28 42.28H320c0-26.51-21.49-48-48-48h-32c-26.51 0-48 21.49-48 48s21.49 48 48 48h181.72c49.86 0 90.28-40.42 90.28-90.28V256C507.42 118.83 398.82 0 256 0z\"><\/path><\/svg>                            <\/div>\r\n            \r\n        <!-- \/.icon-container -->\r\n\r\n    <div class=\"tt-icon-box__content\">\r\n\r\n        <h3 class=\"tt-icon-box__title\">Appelez-nous<\/h3>\r\n                    <p class=\"tt-icon-box__description translation-block\">Appelez-nous. Notre \u00e9quipe est disponible de <b>9h00 \u00e0 17h00<\/b> HNE du lundi au vendredi<\/p>\r\n        \r\n                    <a class=\"tt-icon-box__button de-icon-box__link\" href=\"tel: 15146959922\">\r\n                <span class=\"button-text-wrapper\">\r\n                    <span class=\"tt-button-icon tt-align-icon-\">\r\n                                            <\/span>\r\n                    <span class=\"de-button-text\">+1 (514) 695-9922<\/span>\r\n                <\/span>\r\n                <!-- \/.button-text-wrapper -->\r\n            <\/a>\r\n            <\/div>\r\n\r\n    <\/div>\r\n<!-- \/.tt-icon-box -->\t\t<\/div>\n\t\t\t\t<\/div>\n\t\t\t\t\t<\/div>\n\t\t<\/div>\n\t\t\t\t\t\t\t<\/div>\n\t\t<\/section>\n\t\t\t\t<section class=\"elementor-section elementor-top-section elementor-element elementor-element-e53156e elementor-section-boxed elementor-section-height-default elementor-section-height-default\" data-id=\"e53156e\" data-element_type=\"section\">\n\t\t\t\t\t\t<div class=\"elementor-container elementor-column-gap-default\">\n\t\t\t\t\t<div class=\"elementor-column elementor-col-100 elementor-top-column elementor-element elementor-element-24b3133\" data-id=\"24b3133\" data-element_type=\"column\">\n\t\t\t<div class=\"elementor-widget-wrap elementor-element-populated\">\n\t\t\t\t\t\t\t\t<div class=\"elementor-element elementor-element-58b70f3 tt-view-stacked tt-shape-rounded tt-text-align-center tt-heading-fill-color elementor-widget elementor-widget-tt-heading\" data-id=\"58b70f3\" data-element_type=\"widget\" data-widget_type=\"tt-heading.default\">\n\t\t\t\t<div class=\"elementor-widget-container\">\n\t\t\t\r\n\t\t<div class=\"section-heading style-one\">\r\n\r\n\t\t\t\t\t\t<!-- \/.icon-container -->\r\n\r\n\t\t\t\r\n\t\t\t<h2 class=\"section-title\">Envoie-nous un message<\/h2>\r\n\t\t\t\t\t\t\t<div class=\"description\"><p>Envoyez-nous un message pour toute question relative \u00e0 notre produit. Nous r\u00e9pondrons \u00e0 vos demandes sous 48h<\/p><\/div>\r\n\t\t\t\t\t<\/div>\r\n\r\n\t\t\t\t<\/div>\n\t\t\t\t<\/div>\n\t\t\t\t<section class=\"elementor-section elementor-inner-section elementor-element elementor-element-d643dad elementor-section-content-middle elementor-section-boxed elementor-section-height-default elementor-section-height-default\" data-id=\"d643dad\" data-element_type=\"section\">\n\t\t\t\t\t\t<div class=\"elementor-container elementor-column-gap-default\">\n\t\t\t\t\t<div class=\"elementor-column elementor-col-100 elementor-inner-column elementor-element elementor-element-a3b80ad\" data-id=\"a3b80ad\" data-element_type=\"column\">\n\t\t\t<div class=\"elementor-widget-wrap elementor-element-populated\">\n\t\t\t\t\t\t\t\t<div class=\"elementor-element elementor-element-d67682c elementor-widget elementor-widget-tt-contact-form\" data-id=\"d67682c\" data-element_type=\"widget\" data-widget_type=\"tt-contact-form.default\">\n\t\t\t\t<div class=\"elementor-widget-container\">\n\t\t\t\t\t<div class=\"contact-form contact-form-boxed\">\r\n\t\t\t\n<div class=\"wpcf7 no-js\" id=\"wpcf7-f6973-o1\" lang=\"en-US\" dir=\"ltr\">\n<div class=\"screen-reader-response\"><p role=\"status\" aria-live=\"polite\" aria-atomic=\"true\"><\/p> <ul><\/ul><\/div>\n<form action=\"\/fr\/wp-json\/wp\/v2\/pages\/20#wpcf7-f6973-o1\" method=\"post\" class=\"wpcf7-form init\" aria-label=\"Contact form\" novalidate=\"novalidate\" data-status=\"init\" data-trp-original-action=\"\/fr\/wp-json\/wp\/v2\/pages\/20#wpcf7-f6973-o1\">\n<div style=\"display: none;\">\n<input type=\"hidden\" name=\"_wpcf7\" value=\"6973\" \/>\n<input type=\"hidden\" name=\"_wpcf7_version\" value=\"5.7.6\" \/>\n<input type=\"hidden\" name=\"_wpcf7_locale\" value=\"en_US\" \/>\n<input type=\"hidden\" name=\"_wpcf7_unit_tag\" value=\"wpcf7-f6973-o1\" \/>\n<input type=\"hidden\" name=\"_wpcf7_container_post\" value=\"0\" \/>\n<input type=\"hidden\" name=\"_wpcf7_posted_data_hash\" value=\"\" \/>\n<\/div>\n<div class=\"contact-form\"><div class=\"row\"><div class=\"col-md-6\"><input size=\"40\" class=\"wpcf7-form-control wpcf7-text wpcf7-validates-as-required\" aria-required=\"true\" aria-invalid=\"false\" placeholder=\"Pr\u00e9nom\" value=\"\" type=\"text\" name=\"fname\" \/><\/span><\/div><div class=\"col-md-6\"><span class=\"wpcf7-form-control-wrap\" data-name=\"lname\"><input size=\"40\" class=\"wpcf7-form-control wpcf7-text wpcf7-validates-as-required\" aria-required=\"true\" aria-invalid=\"false\" placeholder=\"Nom de famille\" value=\"\" type=\"text\" name=\"lname\" \/><\/span><\/div><div class=\"col-md-6\"><span class=\"wpcf7-form-control-wrap\" data-name=\"tel-526\"><input size=\"40\" class=\"wpcf7-form-control wpcf7-text wpcf7-tel wpcf7-validates-as-required wpcf7-validates-as-tel\" aria-required=\"true\" aria-invalid=\"false\" placeholder=\"T\u00e9l\u00e9phone\" value=\"\" type=\"tel\" name=\"tel-526\" \/><\/span><\/div><div class=\"col-md-6\"><span class=\"wpcf7-form-control-wrap\" data-name=\"emailid\"><input size=\"40\" class=\"wpcf7-form-control wpcf7-text wpcf7-email wpcf7-validates-as-required wpcf7-validates-as-email\" aria-required=\"true\" aria-invalid=\"false\" placeholder=\"Votre e-mail\" value=\"\" type=\"email\" name=\"emailid\" \/><\/span><\/div><div class=\"col-md-12\"><span class=\"wpcf7-form-control-wrap\" data-name=\"textarea-997\"><textarea cols=\"40\" rows=\"10\" class=\"wpcf7-form-control wpcf7-textarea wpcf7-validates-as-required\" aria-required=\"true\" aria-invalid=\"false\" placeholder=\"Votre message\" name=\"textarea-997\"><\/textarea><input class=\"wpcf7-form-control has-spinner wpcf7-submit tt-btn\" type=\"submit\" value=\"Envoyer le message\" \/><\/div><\/div><\/div><div class=\"wpcf7-response-output\" aria-hidden=\"true\"><\/div>\n<input type=\"hidden\" name=\"trp-form-language\" value=\"fr\"\/><\/form>\n<\/div>\n\t\t<\/div>\r\n\t\t\t\t<\/div>\n\t\t\t\t<\/div>\n\t\t\t\t\t<\/div>\n\t\t<\/div>\n\t\t\t\t\t\t\t<\/div>\n\t\t<\/section>\n\t\t\t\t\t<\/div>\n\t\t<\/div>\n\t\t\t\t\t\t\t<\/div>\n\t\t<\/section>\n\t\t\t\t<section class=\"elementor-section elementor-top-section elementor-element elementor-element-43da41e elementor-section-full_width elementor-section-height-default elementor-section-height-default\" data-id=\"43da41e\" data-element_type=\"section\">\n\t\t\t\t\t\t<div class=\"elementor-container elementor-column-gap-no\">\n\t\t\t\t\t<div class=\"elementor-column elementor-col-100 elementor-top-column elementor-element elementor-element-3f5bb42\" data-id=\"3f5bb42\" data-element_type=\"column\">\n\t\t\t<div class=\"elementor-widget-wrap elementor-element-populated\">\n\t\t\t\t\t\t\t\t<div class=\"elementor-element elementor-element-016f814 elementor-widget elementor-widget-google_maps\" data-id=\"016f814\" data-element_type=\"widget\" data-widget_type=\"google_maps.default\">\n\t\t\t\t<div class=\"elementor-widget-container\">\n\t\t\t<style>\/*! elementor - v3.13.2 - 11-05-2023 *\/\n.elementor-widget-google_maps .elementor-widget-container{overflow:hidden}.elementor-widget-google_maps .elementor-custom-embed{line-height:0}.elementor-widget-google_maps iframe{height:300px}<\/style>\t\t<div class=\"elementor-custom-embed\">\n\t\t\t<iframe loading=\"lazy\"\n\t\t\t\t\tsrc=\"https:\/\/maps.google.com\/maps?q=3DM%20Group&#038;t=m&#038;z=12&#038;output=embed&#038;iwloc=near\"\n\t\t\t\t\ttitle=\"3DM Group\"\n\t\t\t\t\taria-label=\"3DM Group\"\n\t\t\t><\/iframe>\n\t\t<\/div>\n\t\t\t\t<\/div>\n\t\t\t\t<\/div>\n\t\t\t\t\t<\/div>\n\t\t<\/div>\n\t\t\t\t\t\t\t<\/div>\n\t\t<\/section>\n\t\t\t\t\t\t\t<\/div>","protected":false},"excerpt":{"rendered":"<p>Email Us Simply send us an email at info@3dmship.com, and we will respond within 48 hours Email Us Give us a call Give us a ring. Our team is available from 9am to 5pm EST Monday through Friday +1 (514) 695-9922 Send Us a Message Send us a message regarding any questions related to our [&hellip;]<\/p>","protected":false},"author":1,"featured_media":0,"parent":0,"menu_order":0,"comment_status":"closed","ping_status":"closed","template":"elementor_header_footer","meta":{"footnotes":""},"class_list":["post-20","page","type-page","status-publish","hentry"],"_links":{"self":[{"href":"https:\/\/3dmship.com\/fr\/wp-json\/wp\/v2\/pages\/20","targetHints":{"allow":["GET"]}}],"collection":[{"href":"https:\/\/3dmship.com\/fr\/wp-json\/wp\/v2\/pages"}],"about":[{"href":"https:\/\/3dmship.com\/fr\/wp-json\/wp\/v2\/types\/page"}],"author":[{"embeddable":true,"href":"https:\/\/3dmship.com\/fr\/wp-json\/wp\/v2\/users\/1"}],"replies":[{"embeddable":true,"href":"https:\/\/3dmship.com\/fr\/wp-json\/wp\/v2\/comments?post=20"}],"version-history":[{"count":29,"href":"https:\/\/3dmship.com\/fr\/wp-json\/wp\/v2\/pages\/20\/revisions"}],"predecessor-version":[{"id":7719,"href":"https:\/\/3dmship.com\/fr\/wp-json\/wp\/v2\/pages\/20\/revisions\/7719"}],"wp:attachment":[{"href":"https:\/\/3dmship.com\/fr\/wp-json\/wp\/v2\/media?parent=20"}],"curies":[{"name":"wp","href":"https:\/\/api.w.org\/{rel}","templated":true}]}}