{"id":18,"date":"2021-10-07T12:23:07","date_gmt":"2021-10-07T12:23:07","guid":{"rendered":"https:\/\/quiety-wp.themetags.com\/?page_id=18"},"modified":"2023-05-08T15:47:46","modified_gmt":"2023-05-08T20:47:46","slug":"services","status":"publish","type":"page","link":"https:\/\/3dmship.com\/fr\/services\/","title":{"rendered":"Services"},"content":{"rendered":"<div data-elementor-type=\"wp-page\" data-elementor-id=\"18\" class=\"elementor elementor-18\">\n\t\t\t\t\t\t\t\t\t<section class=\"elementor-section elementor-top-section elementor-element elementor-element-56f6b5b6 elementor-section-boxed elementor-section-height-default elementor-section-height-default\" data-id=\"56f6b5b6\" data-element_type=\"section\" data-settings=\"{&quot;background_background&quot;:&quot;classic&quot;}\">\n\t\t\t\t\t\t<div class=\"elementor-container elementor-column-gap-default\">\n\t\t\t\t\t<div class=\"elementor-column elementor-col-100 elementor-top-column elementor-element elementor-element-564aa79\" data-id=\"564aa79\" data-element_type=\"column\">\n\t\t\t<div class=\"elementor-widget-wrap elementor-element-populated\">\n\t\t\t\t\t\t\t\t<div class=\"elementor-element elementor-element-62e97905 tt-view-stacked tt-shape-rounded tt-text-align-center tt-heading-fill-color elementor-widget elementor-widget-tt-heading\" data-id=\"62e97905\" data-element_type=\"widget\" data-widget_type=\"tt-heading.default\">\n\t\t\t\t<div class=\"elementor-widget-container\">\n\t\t\t\r\n\t\t<div class=\"section-heading style-one\">\r\n\r\n\t\t\t\t\t\t<!-- \/.icon-container -->\r\n\r\n\t\t\t\r\n\t\t\t<h2 class=\"section-title\">Une exp\u00e9dition efficace simplifi\u00e9e<\/h2>\r\n\t\t\t\t\t\t\t<div class=\"description\"><p>Nos solutions compl\u00e8tes de gestion des transports pour votre entreprise<\/p><\/div>\r\n\t\t\t\t\t<\/div>\r\n\r\n\t\t\t\t<\/div>\n\t\t\t\t<\/div>\n\t\t\t\t<section class=\"elementor-section elementor-inner-section elementor-element elementor-element-2a464671 elementor-section-boxed elementor-section-height-default elementor-section-height-default\" data-id=\"2a464671\" data-element_type=\"section\">\n\t\t\t\t\t\t<div class=\"elementor-container elementor-column-gap-default\">\n\t\t\t\t\t<div class=\"elementor-column elementor-col-33 elementor-inner-column elementor-element elementor-element-11e3887e\" data-id=\"11e3887e\" data-element_type=\"column\">\n\t\t\t<div class=\"elementor-widget-wrap elementor-element-populated\">\n\t\t\t\t\t\t\t\t<div class=\"elementor-element elementor-element-1ed6b057 tt-view-none tt-equal-height-enable elementor-widget elementor-widget-tt-icon-box\" data-id=\"1ed6b057\" data-element_type=\"widget\" data-widget_type=\"tt-icon-box.default\">\n\t\t\t\t<div class=\"elementor-widget-container\">\n\t\t\t<div class=\"tt-icon-box icon--top\">\r\n\r\n    \r\n            <div class=\"tt-icon-box__icon-container\">\r\n                            <img decoding=\"async\" src=\"https:\/\/3dmship.com\/wp-content\/uploads\/2023\/03\/package-1.svg\"\talt=\"Discounted Rates\">\r\n                    <\/div>\r\n        <!-- \/.icon-container -->\r\n\r\n    <div class=\"tt-icon-box__content\">\r\n\r\n        <h3 class=\"tt-icon-box__title\">Tarifs r\u00e9duits<\/h3>\r\n                    <p class=\"tt-icon-box__description\">\r\n                Acc\u00e8s en temps r\u00e9el aux tarifs r\u00e9duits des transporteurs pr\u00e9-approuv\u00e9s, vous permettant d'\u00e9conomiser de l'argent sur chaque envoi            <\/p>\r\n        \r\n            <\/div>\r\n\r\n    <\/div>\r\n<!-- \/.tt-icon-box -->\t\t<\/div>\n\t\t\t\t<\/div>\n\t\t\t\t\t<\/div>\n\t\t<\/div>\n\t\t\t\t<div class=\"elementor-column elementor-col-33 elementor-inner-column elementor-element elementor-element-2dd320e5\" data-id=\"2dd320e5\" data-element_type=\"column\">\n\t\t\t<div class=\"elementor-widget-wrap elementor-element-populated\">\n\t\t\t\t\t\t\t\t<div class=\"elementor-element elementor-element-4c32eb98 tt-view-none tt-equal-height-enable elementor-widget elementor-widget-tt-icon-box\" data-id=\"4c32eb98\" data-element_type=\"widget\" data-widget_type=\"tt-icon-box.default\">\n\t\t\t\t<div class=\"elementor-widget-container\">\n\t\t\t<div class=\"tt-icon-box icon--top\">\r\n\r\n    \r\n            <div class=\"tt-icon-box__icon-container\">\r\n                            <img decoding=\"async\" src=\"https:\/\/3dmship.com\/wp-content\/uploads\/2023\/03\/warehouse.svg\"\talt=\" Shipments\">\r\n                    <\/div>\r\n        <!-- \/.icon-container -->\r\n\r\n    <div class=\"tt-icon-box__content\">\r\n\r\n        <h3 class=\"tt-icon-box__title\"> Exp\u00e9ditions<\/h3>\r\n                    <p class=\"tt-icon-box__description\">\r\n                G\u00e9n\u00e9rez rapidement et facilement des envois en quelques clics, rationalisant votre processus d'exp\u00e9dition et vous faisant gagner du temps            <\/p>\r\n        \r\n            <\/div>\r\n\r\n    <\/div>\r\n<!-- \/.tt-icon-box -->\t\t<\/div>\n\t\t\t\t<\/div>\n\t\t\t\t\t<\/div>\n\t\t<\/div>\n\t\t\t\t<div class=\"elementor-column elementor-col-33 elementor-inner-column elementor-element elementor-element-7fb792e0\" data-id=\"7fb792e0\" data-element_type=\"column\">\n\t\t\t<div class=\"elementor-widget-wrap elementor-element-populated\">\n\t\t\t\t\t\t\t\t<div class=\"elementor-element elementor-element-6acdef91 tt-view-none tt-equal-height-enable elementor-widget elementor-widget-tt-icon-box\" data-id=\"6acdef91\" data-element_type=\"widget\" data-widget_type=\"tt-icon-box.default\">\n\t\t\t\t<div class=\"elementor-widget-container\">\n\t\t\t<div class=\"tt-icon-box icon--top\">\r\n\r\n    \r\n            <div class=\"tt-icon-box__icon-container\">\r\n                            <img decoding=\"async\" src=\"https:\/\/3dmship.com\/wp-content\/uploads\/2023\/03\/delivery-man-1.svg\"\talt=\"Pick Up Requests\">\r\n                    <\/div>\r\n        <!-- \/.icon-container -->\r\n\r\n    <div class=\"tt-icon-box__content\">\r\n\r\n        <h3 class=\"tt-icon-box__title\">Demandes de ramassage<\/h3>\r\n                    <p class=\"tt-icon-box__description\">\r\n                Demandez facilement le ramassage de vos envois, ce qui r\u00e9duit le temps et les efforts n\u00e9cessaires pour planifier les envois            <\/p>\r\n        \r\n            <\/div>\r\n\r\n    <\/div>\r\n<!-- \/.tt-icon-box -->\t\t<\/div>\n\t\t\t\t<\/div>\n\t\t\t\t\t<\/div>\n\t\t<\/div>\n\t\t\t\t\t\t\t<\/div>\n\t\t<\/section>\n\t\t\t\t<section class=\"elementor-section elementor-inner-section elementor-element elementor-element-52092896 elementor-section-boxed elementor-section-height-default elementor-section-height-default\" data-id=\"52092896\" data-element_type=\"section\">\n\t\t\t\t\t\t<div class=\"elementor-container elementor-column-gap-default\">\n\t\t\t\t\t<div class=\"elementor-column elementor-col-33 elementor-inner-column elementor-element elementor-element-36b3d8c6\" data-id=\"36b3d8c6\" data-element_type=\"column\">\n\t\t\t<div class=\"elementor-widget-wrap elementor-element-populated\">\n\t\t\t\t\t\t\t\t<div class=\"elementor-element elementor-element-29aed59 tt-view-none tt-equal-height-enable elementor-widget elementor-widget-tt-icon-box\" data-id=\"29aed59\" data-element_type=\"widget\" data-widget_type=\"tt-icon-box.default\">\n\t\t\t\t<div class=\"elementor-widget-container\">\n\t\t\t<div class=\"tt-icon-box icon--top\">\r\n\r\n    \r\n            <div class=\"tt-icon-box__icon-container\">\r\n                            <img decoding=\"async\" src=\"https:\/\/3dmship.com\/wp-content\/uploads\/2023\/03\/invoice.svg\"\talt=\"Billing\">\r\n                    <\/div>\r\n        <!-- \/.icon-container -->\r\n\r\n    <div class=\"tt-icon-box__content\">\r\n\r\n        <h3 class=\"tt-icon-box__title\">Facturation<\/h3>\r\n                    <p class=\"tt-icon-box__description\">\r\n                Facturation consolid\u00e9e de tous les transporteurs sur une seule facture, facilement pay\u00e9e par carte de cr\u00e9dit            <\/p>\r\n        \r\n            <\/div>\r\n\r\n    <\/div>\r\n<!-- \/.tt-icon-box -->\t\t<\/div>\n\t\t\t\t<\/div>\n\t\t\t\t\t<\/div>\n\t\t<\/div>\n\t\t\t\t<div class=\"elementor-column elementor-col-33 elementor-inner-column elementor-element elementor-element-75a473a3\" data-id=\"75a473a3\" data-element_type=\"column\">\n\t\t\t<div class=\"elementor-widget-wrap elementor-element-populated\">\n\t\t\t\t\t\t\t\t<div class=\"elementor-element elementor-element-ed98a76 tt-view-none tt-equal-height-enable elementor-widget elementor-widget-tt-icon-box\" data-id=\"ed98a76\" data-element_type=\"widget\" data-widget_type=\"tt-icon-box.default\">\n\t\t\t\t<div class=\"elementor-widget-container\">\n\t\t\t<div class=\"tt-icon-box icon--top\">\r\n\r\n    \r\n            <div class=\"tt-icon-box__icon-container\">\r\n                            <img decoding=\"async\" src=\"https:\/\/3dmship.com\/wp-content\/uploads\/2023\/03\/checklist.svg\"\talt=\"Shipping Manifest\">\r\n                    <\/div>\r\n        <!-- \/.icon-container -->\r\n\r\n    <div class=\"tt-icon-box__content\">\r\n\r\n        <h3 class=\"tt-icon-box__title\">Shipping Manifest<\/h3>\r\n                    <p class=\"tt-icon-box__description\">\r\n                G\u00e9n\u00e9rez des manifestes d'exp\u00e9dition d\u00e9taill\u00e9s pour toutes vos exp\u00e9ditions, ce qui vous donne une plus grande visibilit\u00e9 et un meilleur contr\u00f4le sur votre logistique et garantit une tenue de registres pr\u00e9cise            <\/p>\r\n        \r\n            <\/div>\r\n\r\n    <\/div>\r\n<!-- \/.tt-icon-box -->\t\t<\/div>\n\t\t\t\t<\/div>\n\t\t\t\t\t<\/div>\n\t\t<\/div>\n\t\t\t\t<div class=\"elementor-column elementor-col-33 elementor-inner-column elementor-element elementor-element-338a139c\" data-id=\"338a139c\" data-element_type=\"column\">\n\t\t\t<div class=\"elementor-widget-wrap elementor-element-populated\">\n\t\t\t\t\t\t\t\t<div class=\"elementor-element elementor-element-5f8c5b45 tt-view-none tt-equal-height-enable elementor-widget elementor-widget-tt-icon-box\" data-id=\"5f8c5b45\" data-element_type=\"widget\" data-widget_type=\"tt-icon-box.default\">\n\t\t\t\t<div class=\"elementor-widget-container\">\n\t\t\t<div class=\"tt-icon-box icon--top\">\r\n\r\n    \r\n            <div class=\"tt-icon-box__icon-container\">\r\n                            <img decoding=\"async\" src=\"https:\/\/3dmship.com\/wp-content\/uploads\/2023\/03\/product-release.svg\"\talt=\"Integration\">\r\n                    <\/div>\r\n        <!-- \/.icon-container -->\r\n\r\n    <div class=\"tt-icon-box__content\">\r\n\r\n        <h3 class=\"tt-icon-box__title\">Int\u00e9gration<\/h3>\r\n                    <p class=\"tt-icon-box__description\">\r\n                Connectez en toute transparence votre site Shopify \u00e0 3DM Ship en quelques minutes afin de pouvoir exp\u00e9dier vos commandes en toute simplicit\u00e9. Int\u00e9grations personnalis\u00e9es disponibles sur demande.             <\/p>\r\n        \r\n            <\/div>\r\n\r\n    <\/div>\r\n<!-- \/.tt-icon-box -->\t\t<\/div>\n\t\t\t\t<\/div>\n\t\t\t\t\t<\/div>\n\t\t<\/div>\n\t\t\t\t\t\t\t<\/div>\n\t\t<\/section>\n\t\t\t\t\t<\/div>\n\t\t<\/div>\n\t\t\t\t\t\t\t<\/div>\n\t\t<\/section>\n\t\t\t\t\t\t\t<\/div>","protected":false},"excerpt":{"rendered":"<p>Efficient Shipping Made Simple Our Comprehensive Transportation Management Solutions for Your Business Discounted Rates Real-time access to discounted rates from pre approved carriers, saving you money on every shipment Shipments Quickly and easily generate shipments with just a few clicks, streamlining your shipping process and saving you time Pick Up Requests Request pick up for [&hellip;]<\/p>","protected":false},"author":1,"featured_media":0,"parent":0,"menu_order":0,"comment_status":"closed","ping_status":"closed","template":"elementor_header_footer","meta":{"footnotes":""},"class_list":["post-18","page","type-page","status-publish","hentry"],"_links":{"self":[{"href":"https:\/\/3dmship.com\/fr\/wp-json\/wp\/v2\/pages\/18","targetHints":{"allow":["GET"]}}],"collection":[{"href":"https:\/\/3dmship.com\/fr\/wp-json\/wp\/v2\/pages"}],"about":[{"href":"https:\/\/3dmship.com\/fr\/wp-json\/wp\/v2\/types\/page"}],"author":[{"embeddable":true,"href":"https:\/\/3dmship.com\/fr\/wp-json\/wp\/v2\/users\/1"}],"replies":[{"embeddable":true,"href":"https:\/\/3dmship.com\/fr\/wp-json\/wp\/v2\/comments?post=18"}],"version-history":[{"count":55,"href":"https:\/\/3dmship.com\/fr\/wp-json\/wp\/v2\/pages\/18\/revisions"}],"predecessor-version":[{"id":7649,"href":"https:\/\/3dmship.com\/fr\/wp-json\/wp\/v2\/pages\/18\/revisions\/7649"}],"wp:attachment":[{"href":"https:\/\/3dmship.com\/fr\/wp-json\/wp\/v2\/media?parent=18"}],"curies":[{"name":"wp","href":"https:\/\/api.w.org\/{rel}","templated":true}]}}