{"id":16,"date":"2021-10-07T12:22:53","date_gmt":"2021-10-07T12:22:53","guid":{"rendered":"https:\/\/quiety-wp.themetags.com\/?page_id=16"},"modified":"2023-05-17T16:14:46","modified_gmt":"2023-05-17T21:14:46","slug":"about","status":"publish","type":"page","link":"https:\/\/3dmship.com\/fr\/about\/","title":{"rendered":"\u00c0 propos"},"content":{"rendered":"<div data-elementor-type=\"wp-page\" data-elementor-id=\"16\" class=\"elementor elementor-16\">\n\t\t\t\t\t\t\t\t\t<section class=\"elementor-section elementor-top-section elementor-element elementor-element-964ce65 elementor-section-boxed elementor-section-height-default elementor-section-height-default\" data-id=\"964ce65\" data-element_type=\"section\" data-settings=\"{&quot;background_background&quot;:&quot;classic&quot;}\">\n\t\t\t\t\t\t<div class=\"elementor-container elementor-column-gap-default\">\n\t\t\t\t\t<div class=\"elementor-column elementor-col-50 elementor-top-column elementor-element elementor-element-c1e9896\" data-id=\"c1e9896\" data-element_type=\"column\">\n\t\t\t<div class=\"elementor-widget-wrap elementor-element-populated\">\n\t\t\t\t\t\t\t\t<section class=\"elementor-section elementor-inner-section elementor-element elementor-element-b92fc5c elementor-section-boxed elementor-section-height-default elementor-section-height-default\" data-id=\"b92fc5c\" data-element_type=\"section\">\n\t\t\t\t\t\t<div class=\"elementor-container elementor-column-gap-default\">\n\t\t\t\t\t<div class=\"elementor-column elementor-col-50 elementor-inner-column elementor-element elementor-element-c6d9c8c\" data-id=\"c6d9c8c\" data-element_type=\"column\" data-settings=\"{&quot;background_background&quot;:&quot;classic&quot;}\">\n\t\t\t<div class=\"elementor-widget-wrap elementor-element-populated\">\n\t\t\t\t\t\t\t\t<div class=\"elementor-element elementor-element-3c4ad27 elementor-widget elementor-widget-tt-counter\" data-id=\"3c4ad27\" data-element_type=\"widget\" data-widget_type=\"tt-counter.default\">\n\t\t\t\t<div class=\"elementor-widget-container\">\n\t\t\t\t\t\t<div class=\"tt-countdown style-one\">\r\n\t\t\t\t\t\t\t\t\t<div class=\"tt-countdown__number\">\r\n\t\t\t\t\t\t\r\n\t\t\t\t\t\t<span class=\"counter\" data-counter=\"1990\">\r\n\t\t\t\t\t\t\t1990\t\t\t\t\t\t<\/span>\r\n\r\n\t\t\t\t\t\t\t\t\t\t\t<\/div>\r\n\t\t\t\t\t<!-- \/.counter-wrap -->\r\n\t\t\t\t\t\t\t\t<div class=\"count-info-wrapper\">\r\n\t\t\t\t\t\t\t\t\t\t\t<h3 class=\"tt-countdown__title\">\u00c9tablie<\/h3>\r\n\t\t\t\t\t\r\n\t\t\t\t\t\t\t\t\t<\/div>\r\n\t\t\t\t<!-- \/.count-info-wrapper -->\r\n\r\n\t\t\t<\/div>\r\n\t\t\t\t<\/div>\n\t\t\t\t<\/div>\n\t\t\t\t<div class=\"elementor-element elementor-element-83ff3f0 elementor-widget elementor-widget-tt-counter\" data-id=\"83ff3f0\" data-element_type=\"widget\" data-widget_type=\"tt-counter.default\">\n\t\t\t\t<div class=\"elementor-widget-container\">\n\t\t\t\t\t\t<div class=\"tt-countdown style-one\">\r\n\t\t\t\t\t\t\t\t\t<div class=\"tt-countdown__number\">\r\n\t\t\t\t\t\t\r\n\t\t\t\t\t\t<span class=\"counter\" data-counter=\"750,000\">\r\n\t\t\t\t\t\t\t750,000\t\t\t\t\t\t<\/span>\r\n\r\n\t\t\t\t\t\t\t\t\t\t\t\t\t<span class=\"suffix\">+<\/span>\r\n\t\t\t\t\t\t\t\t\t\t\t<\/div>\r\n\t\t\t\t\t<!-- \/.counter-wrap -->\r\n\t\t\t\t\t\t\t\t<div class=\"count-info-wrapper\">\r\n\t\t\t\t\t\t\t\t\t\t\t<h3 class=\"tt-countdown__title\">Commandes annuelles exp\u00e9di\u00e9es<\/h3>\r\n\t\t\t\t\t\r\n\t\t\t\t\t\t\t\t\t<\/div>\r\n\t\t\t\t<!-- \/.count-info-wrapper -->\r\n\r\n\t\t\t<\/div>\r\n\t\t\t\t<\/div>\n\t\t\t\t<\/div>\n\t\t\t\t\t<\/div>\n\t\t<\/div>\n\t\t\t\t<div class=\"elementor-column elementor-col-50 elementor-inner-column elementor-element elementor-element-c2473f7\" data-id=\"c2473f7\" data-element_type=\"column\">\n\t\t\t<div class=\"elementor-widget-wrap elementor-element-populated\">\n\t\t\t\t\t\t\t\t<div class=\"elementor-element elementor-element-c511708 elementor-widget elementor-widget-tt-counter\" data-id=\"c511708\" data-element_type=\"widget\" data-widget_type=\"tt-counter.default\">\n\t\t\t\t<div class=\"elementor-widget-container\">\n\t\t\t\t\t\t<div class=\"tt-countdown style-one\">\r\n\t\t\t\t\t\t\t\t\t<div class=\"tt-countdown__number\">\r\n\t\t\t\t\t\t\r\n\t\t\t\t\t\t<span class=\"counter\" data-counter=\"50\">\r\n\t\t\t\t\t\t\t50\t\t\t\t\t\t<\/span>\r\n\r\n\t\t\t\t\t\t\t\t\t\t\t\t\t<span class=\"suffix\">+<\/span>\r\n\t\t\t\t\t\t\t\t\t\t\t<\/div>\r\n\t\t\t\t\t<!-- \/.counter-wrap -->\r\n\t\t\t\t\t\t\t\t<div class=\"count-info-wrapper\">\r\n\t\t\t\t\t\t\t\t\t\t\t<h3 class=\"tt-countdown__title\">Employ\u00e9s<\/h3>\r\n\t\t\t\t\t\r\n\t\t\t\t\t\t\t\t\t<\/div>\r\n\t\t\t\t<!-- \/.count-info-wrapper -->\r\n\r\n\t\t\t<\/div>\r\n\t\t\t\t<\/div>\n\t\t\t\t<\/div>\n\t\t\t\t<div class=\"elementor-element elementor-element-9254eac elementor-widget elementor-widget-tt-counter\" data-id=\"9254eac\" data-element_type=\"widget\" data-widget_type=\"tt-counter.default\">\n\t\t\t\t<div class=\"elementor-widget-container\">\n\t\t\t\t\t\t<div class=\"tt-countdown style-one\">\r\n\t\t\t\t\t\t\t\t\t<div class=\"tt-countdown__number\">\r\n\t\t\t\t\t\t\r\n\t\t\t\t\t\t<span class=\"counter\" data-counter=\"8,000,000+\">\r\n\t\t\t\t\t\t\t8,000,000+\t\t\t\t\t\t<\/span>\r\n\r\n\t\t\t\t\t\t\t\t\t\t\t<\/div>\r\n\t\t\t\t\t<!-- \/.counter-wrap -->\r\n\t\t\t\t\t\t\t\t<div class=\"count-info-wrapper\">\r\n\t\t\t\t\t\t\t\t\t\t\t<h3 class=\"tt-countdown__title\">Unit\u00e9s annuelles exp\u00e9di\u00e9es<\/h3>\r\n\t\t\t\t\t\r\n\t\t\t\t\t\t\t\t\t<\/div>\r\n\t\t\t\t<!-- \/.count-info-wrapper -->\r\n\r\n\t\t\t<\/div>\r\n\t\t\t\t<\/div>\n\t\t\t\t<\/div>\n\t\t\t\t\t<\/div>\n\t\t<\/div>\n\t\t\t\t\t\t\t<\/div>\n\t\t<\/section>\n\t\t\t\t\t<\/div>\n\t\t<\/div>\n\t\t\t\t<div class=\"elementor-column elementor-col-50 elementor-top-column elementor-element elementor-element-1998e28 height-max-content\" data-id=\"1998e28\" data-element_type=\"column\">\n\t\t\t<div class=\"elementor-widget-wrap elementor-element-populated\">\n\t\t\t\t\t\t\t\t<div class=\"elementor-element elementor-element-95a02e3 tt-text-align-left tt-view-stacked tt-shape-rounded tt-heading-fill-color elementor-widget elementor-widget-tt-heading\" data-id=\"95a02e3\" data-element_type=\"widget\" data-widget_type=\"tt-heading.default\">\n\t\t\t\t<div class=\"elementor-widget-container\">\n\t\t\t\r\n\t\t<div class=\"section-heading style-one\">\r\n\r\n\t\t\t\t\t\t<!-- \/.icon-container -->\r\n\r\n\t\t\t\r\n\t\t\t<h2 class=\"section-title\">Notre histoire<\/h2>\r\n\t\t\t\t\t\t\t<div class=\"description\"><p class=\" translation-block\"><strong>3DMShip<\/strong> est la prog\u00e9niture de <strong>3DM Group<\/strong> un 3PL \u00e9prouv\u00e9 en affaires depuis plus de 30 ans. Depuis plus de trente ans, nous nous concentrons et r\u00e9ussissons sur les besoins de nos clients. Nous sommes conscients qu'une solution 3PL n'est pas forc\u00e9ment \u00e9conomique pour toutes les entreprises de e-commerce. Pour cette raison, nous avons travaill\u00e9 sans rel\u00e2che pour d\u00e9velopper un logiciel qui permettrait \u00e0 tout exp\u00e9diteur de profiter de tous les contrats de r\u00e9duction de volume que <strong>3DM Group<\/strong> a n\u00e9goci\u00e9s au fil des ans avec un large \u00e9ventail de transporteurs. Nous avons adapt\u00e9 notre logiciel pour qu'il s'int\u00e8gre de mani\u00e8re transparente \u00e0 la plupart des principales plates-formes de commerce \u00e9lectronique afin que le d\u00e9marrage soit aussi simple que 1,2,3 sans frais d'installation ni engagement.<\/p><\/div>\r\n\t\t\t\t\t<\/div>\r\n\r\n\t\t\t\t<\/div>\n\t\t\t\t<\/div>\n\t\t\t\t\t<\/div>\n\t\t<\/div>\n\t\t\t\t\t\t\t<\/div>\n\t\t<\/section>\n\t\t\t\t<section class=\"elementor-section elementor-top-section elementor-element elementor-element-1d379640 elementor-section-content-middle elementor-section-boxed elementor-section-height-default elementor-section-height-default\" data-id=\"1d379640\" data-element_type=\"section\" data-settings=\"{&quot;background_background&quot;:&quot;classic&quot;}\">\n\t\t\t\t\t\t<div class=\"elementor-container elementor-column-gap-default\">\n\t\t\t\t\t<div class=\"elementor-column elementor-col-50 elementor-top-column elementor-element elementor-element-3aa8f2c5\" data-id=\"3aa8f2c5\" data-element_type=\"column\">\n\t\t\t<div class=\"elementor-widget-wrap elementor-element-populated\">\n\t\t\t\t\t\t\t\t<div class=\"elementor-element elementor-element-11c6f0c0 tt-text-align-left tt-view-stacked tt-shape-rounded tt-heading-fill-color elementor-widget elementor-widget-tt-heading\" data-id=\"11c6f0c0\" data-element_type=\"widget\" data-widget_type=\"tt-heading.default\">\n\t\t\t\t<div class=\"elementor-widget-container\">\n\t\t\t\r\n\t\t<div class=\"section-heading style-one\">\r\n\r\n\t\t\t\t\t\t<!-- \/.icon-container -->\r\n\r\n\t\t\t\r\n\t\t\t<h2 class=\"section-title\">Comment nous travaillons<\/h2>\r\n\t\t\t\t\t<\/div>\r\n\r\n\t\t\t\t<\/div>\n\t\t\t\t<\/div>\n\t\t\t\t<section class=\"elementor-section elementor-inner-section elementor-element elementor-element-38f1f494 elementor-section-boxed elementor-section-height-default elementor-section-height-default\" data-id=\"38f1f494\" data-element_type=\"section\">\n\t\t\t\t\t\t<div class=\"elementor-container elementor-column-gap-default\">\n\t\t\t\t\t<div class=\"elementor-column elementor-col-100 elementor-inner-column elementor-element elementor-element-2a05c962\" data-id=\"2a05c962\" data-element_type=\"column\">\n\t\t\t<div class=\"elementor-widget-wrap elementor-element-populated\">\n\t\t\t\t\t\t\t\t<div class=\"elementor-element elementor-element-4f2051e tt-equal-height-disable tt-view-stacked tt-shape-rounded elementor-widget elementor-widget-tt-icon-box\" data-id=\"4f2051e\" data-element_type=\"widget\" data-widget_type=\"tt-icon-box.default\">\n\t\t\t\t<div class=\"elementor-widget-container\">\n\t\t\t<div class=\"tt-icon-box align-items-start icon--left\">\r\n\r\n    \r\n            <div class=\"tt-icon-box__icon-container\">\r\n                            <img decoding=\"async\" src=\"https:\/\/3dmship.com\/wp-content\/uploads\/2023\/03\/cash-on-delivery.svg\"\talt=\"Logistics Experts\">\r\n                    <\/div>\r\n        <!-- \/.icon-container -->\r\n\r\n    <div class=\"tt-icon-box__content\">\r\n\r\n        <h3 class=\"tt-icon-box__title\">Experts en logistique<\/h3>\r\n                    <p class=\"tt-icon-box__description\">\r\n                Nous avons une \u00e9quipe d'experts d\u00e9di\u00e9e pour vous aider \u00e0 minimiser vos frais d'exp\u00e9dition, de l'achat de tarifs \u00e0 vous guider sur les m\u00e9thodes pour minimiser la taille des colis afin de r\u00e9duire les co\u00fbts d'exp\u00e9dition et de mat\u00e9riel.            <\/p>\r\n        \r\n            <\/div>\r\n\r\n    <\/div>\r\n<!-- \/.tt-icon-box -->\t\t<\/div>\n\t\t\t\t<\/div>\n\t\t\t\t<div class=\"elementor-element elementor-element-6c1c7563 tt-equal-height-disable tt-view-stacked tt-shape-rounded elementor-widget elementor-widget-tt-icon-box\" data-id=\"6c1c7563\" data-element_type=\"widget\" data-widget_type=\"tt-icon-box.default\">\n\t\t\t\t<div class=\"elementor-widget-container\">\n\t\t\t<div class=\"tt-icon-box align-items-start icon--left\">\r\n\r\n    \r\n            <div class=\"tt-icon-box__icon-container\">\r\n                            <img decoding=\"async\" src=\"https:\/\/3dmship.com\/wp-content\/uploads\/2023\/04\/it-team.webp\"\talt=\"IT Team\">\r\n                    <\/div>\r\n        <!-- \/.icon-container -->\r\n\r\n    <div class=\"tt-icon-box__content\">\r\n\r\n        <h3 class=\"tt-icon-box__title\">\u00c9quipe informatique<\/h3>\r\n                    <p class=\"tt-icon-box__description\">\r\n                Nous avons une \u00e9quipe informatique d\u00e9di\u00e9e pour vous guider \u00e0 travers tous les probl\u00e8mes.            <\/p>\r\n        \r\n            <\/div>\r\n\r\n    <\/div>\r\n<!-- \/.tt-icon-box -->\t\t<\/div>\n\t\t\t\t<\/div>\n\t\t\t\t<div class=\"elementor-element elementor-element-1729c98b tt-equal-height-disable tt-view-stacked tt-shape-rounded elementor-widget elementor-widget-tt-icon-box\" data-id=\"1729c98b\" data-element_type=\"widget\" data-widget_type=\"tt-icon-box.default\">\n\t\t\t\t<div class=\"elementor-widget-container\">\n\t\t\t<div class=\"tt-icon-box align-items-top icon--left\">\r\n\r\n    \r\n            <div class=\"tt-icon-box__icon-container\">\r\n                            <img decoding=\"async\" src=\"https:\/\/3dmship.com\/wp-content\/uploads\/2023\/04\/customerservice.webp\"\talt=\"Customer Service\">\r\n                    <\/div>\r\n        <!-- \/.icon-container -->\r\n\r\n    <div class=\"tt-icon-box__content\">\r\n\r\n        <h3 class=\"tt-icon-box__title\">Service Clients<\/h3>\r\n                    <p class=\"tt-icon-box__description\">\r\n                Nous avons une \u00e9quipe de service client pour vous aider avec vos r\u00e9clamations et retours de transporteur.\n\n            <\/p>\r\n        \r\n            <\/div>\r\n\r\n    <\/div>\r\n<!-- \/.tt-icon-box -->\t\t<\/div>\n\t\t\t\t<\/div>\n\t\t\t\t<div class=\"elementor-element elementor-element-300f57a tt-equal-height-disable tt-view-stacked tt-shape-rounded elementor-widget elementor-widget-tt-icon-box\" data-id=\"300f57a\" data-element_type=\"widget\" data-widget_type=\"tt-icon-box.default\">\n\t\t\t\t<div class=\"elementor-widget-container\">\n\t\t\t<div class=\"tt-icon-box align-items-top icon--left\">\r\n\r\n    \r\n            <div class=\"tt-icon-box__icon-container\">\r\n                            <img decoding=\"async\" src=\"https:\/\/3dmship.com\/wp-content\/uploads\/2023\/04\/transporation.webp\"\talt=\"Transportation Professionals\">\r\n                    <\/div>\r\n        <!-- \/.icon-container -->\r\n\r\n    <div class=\"tt-icon-box__content\">\r\n\r\n        <h3 class=\"tt-icon-box__title\">Professionnels du transport<\/h3>\r\n                    <p class=\"tt-icon-box__description\">\r\n                Nous avons des experts en transport pour vous aider \u00e0 g\u00e9rer les p\u00e9riodes de pointe et les quotas des transporteurs.             <\/p>\r\n        \r\n            <\/div>\r\n\r\n    <\/div>\r\n<!-- \/.tt-icon-box -->\t\t<\/div>\n\t\t\t\t<\/div>\n\t\t\t\t\t<\/div>\n\t\t<\/div>\n\t\t\t\t\t\t\t<\/div>\n\t\t<\/section>\n\t\t\t\t\t<\/div>\n\t\t<\/div>\n\t\t\t\t<div class=\"elementor-column elementor-col-50 elementor-top-column elementor-element elementor-element-361982da\" data-id=\"361982da\" data-element_type=\"column\">\n\t\t\t<div class=\"elementor-widget-wrap elementor-element-populated\">\n\t\t\t\t\t\t\t\t<div class=\"elementor-element elementor-element-5a743aeb elementor-widget elementor-widget-image\" data-id=\"5a743aeb\" data-element_type=\"widget\" data-widget_type=\"image.default\">\n\t\t\t\t<div class=\"elementor-widget-container\">\n\t\t\t<style>\/*! elementor - v3.13.2 - 11-05-2023 *\/\n.elementor-widget-image{text-align:center}.elementor-widget-image a{display:inline-block}.elementor-widget-image a img[src$=\".svg\"]{width:48px}.elementor-widget-image img{vertical-align:middle;display:inline-block}<\/style>\t\t\t\t\t\t\t\t\t\t\t\t<img loading=\"lazy\" decoding=\"async\" width=\"1024\" height=\"259\" src=\"https:\/\/3dmship.com\/wp-content\/uploads\/2023\/03\/3DMShip-logo-1024x259.webp\" class=\"attachment-large size-large wp-image-7383\" alt=\"\" srcset=\"https:\/\/3dmship.com\/wp-content\/uploads\/2023\/03\/3DMShip-logo-1024x259.webp 1024w, https:\/\/3dmship.com\/wp-content\/uploads\/2023\/03\/3DMShip-logo-300x76.webp 300w, https:\/\/3dmship.com\/wp-content\/uploads\/2023\/03\/3DMShip-logo-768x194.webp 768w, https:\/\/3dmship.com\/wp-content\/uploads\/2023\/03\/3DMShip-logo-1536x388.webp 1536w, https:\/\/3dmship.com\/wp-content\/uploads\/2023\/03\/3DMShip-logo-2048x518.webp 2048w\" sizes=\"auto, (max-width: 1024px) 100vw, 1024px\" \/>\t\t\t\t\t\t\t\t\t\t\t\t\t\t\t<\/div>\n\t\t\t\t<\/div>\n\t\t\t\t\t<\/div>\n\t\t<\/div>\n\t\t\t\t\t\t\t<\/div>\n\t\t<\/section>\n\t\t\t\t<section class=\"elementor-section elementor-top-section elementor-element elementor-element-699320a3 elementor-section-boxed elementor-section-height-default elementor-section-height-default\" data-id=\"699320a3\" data-element_type=\"section\" data-settings=\"{&quot;background_background&quot;:&quot;classic&quot;}\">\n\t\t\t\t\t\t<div class=\"elementor-container elementor-column-gap-default\">\n\t\t\t\t\t<div class=\"elementor-column elementor-col-100 elementor-top-column elementor-element elementor-element-4225514a\" data-id=\"4225514a\" data-element_type=\"column\" data-settings=\"{&quot;background_background&quot;:&quot;classic&quot;}\">\n\t\t\t<div class=\"elementor-widget-wrap elementor-element-populated\">\n\t\t\t\t\t\t\t\t<div class=\"elementor-element elementor-element-7218a3e1 tt-view-stacked tt-shape-rounded tt-text-align-center tt-heading-fill-color elementor-widget elementor-widget-tt-heading\" data-id=\"7218a3e1\" data-element_type=\"widget\" data-widget_type=\"tt-heading.default\">\n\t\t\t\t<div class=\"elementor-widget-container\">\n\t\t\t\r\n\t\t<div class=\"section-heading style-one\">\r\n\r\n\t\t\t\t\t\t<!-- \/.icon-container -->\r\n\r\n\t\t\t\t\t\t\t<h3 class=\"subtitle\">Demander une d\u00e9mo<\/h3>\r\n\t\t\t\r\n\t\t\t<h2 class=\"section-title\">Commencez votre transition en toute simplicit\u00e9<\/h2>\r\n\t\t\t\t\t\t\t<div class=\"description\"><p>Pas de frais d'inscription, pas de frais mensuels minimums, pas de frais d'abonnement, ne payez que lorsque vous utilisez.\u00a0<\/p><\/div>\r\n\t\t\t\t\t<\/div>\r\n\r\n\t\t\t\t<\/div>\n\t\t\t\t<\/div>\n\t\t\t\t<div class=\"elementor-element elementor-element-58471f7 elementor-align-center elementor-widget elementor-widget-tt-button\" data-id=\"58471f7\" data-element_type=\"widget\" data-widget_type=\"tt-button.default\">\n\t\t\t\t<div class=\"elementor-widget-container\">\n\t\t\t\r\n        <!--Render HTML-->\r\n        <div class=\"tt-btn-wrapper\">\r\n            <a href=\"https:\/\/3dmship.com\/fr\/contact\/\" class=\"tt-btn-link tt-btn btn-md hover_translate\">\r\n                \t\t<span class=\"tt-btn-content-wrapper\">\r\n\t\t\t\t\t\t\t<span class=\"elementor-align-icon-right tt-btn-icon\">\r\n\t\t\t\t\t\t\t\t\t\t\t\t\t\t\t\t\t\t\t\t<\/span>\r\n\t\t\t\t\t\t<span class=\"tt-btn-text\">R\u00e9server une d\u00e9mo<\/span>\r\n\t\t<\/span>\r\n\t\t            <\/a>\r\n        <\/div>\r\n        \t\t<\/div>\n\t\t\t\t<\/div>\n\t\t\t\t\t<\/div>\n\t\t<\/div>\n\t\t\t\t\t\t\t<\/div>\n\t\t<\/section>\n\t\t\t\t\t\t\t<\/div>","protected":false},"excerpt":{"rendered":"<p>1990 Established 750,000 + Annual Orders Shipped 50 + Employees 8,000,000+ Annual Units Shipped Our Story 3DMShip is the offspring of 3DM Group a proven 3PL in business for over 30 years.\u00a0 For over thirty years our focus and success has been on clients\u2019 needs.\u00a0 We realize that a 3PL solution is not necessarily economical [&hellip;]<\/p>","protected":false},"author":1,"featured_media":0,"parent":0,"menu_order":0,"comment_status":"closed","ping_status":"closed","template":"elementor_header_footer","meta":{"footnotes":""},"class_list":["post-16","page","type-page","status-publish","hentry"],"_links":{"self":[{"href":"https:\/\/3dmship.com\/fr\/wp-json\/wp\/v2\/pages\/16","targetHints":{"allow":["GET"]}}],"collection":[{"href":"https:\/\/3dmship.com\/fr\/wp-json\/wp\/v2\/pages"}],"about":[{"href":"https:\/\/3dmship.com\/fr\/wp-json\/wp\/v2\/types\/page"}],"author":[{"embeddable":true,"href":"https:\/\/3dmship.com\/fr\/wp-json\/wp\/v2\/users\/1"}],"replies":[{"embeddable":true,"href":"https:\/\/3dmship.com\/fr\/wp-json\/wp\/v2\/comments?post=16"}],"version-history":[{"count":64,"href":"https:\/\/3dmship.com\/fr\/wp-json\/wp\/v2\/pages\/16\/revisions"}],"predecessor-version":[{"id":7713,"href":"https:\/\/3dmship.com\/fr\/wp-json\/wp\/v2\/pages\/16\/revisions\/7713"}],"wp:attachment":[{"href":"https:\/\/3dmship.com\/fr\/wp-json\/wp\/v2\/media?parent=16"}],"curies":[{"name":"wp","href":"https:\/\/api.w.org\/{rel}","templated":true}]}}