{"id":1391,"date":"2021-10-21T04:14:32","date_gmt":"2021-10-21T04:14:32","guid":{"rendered":"https:\/\/quiety-wp.themetags.com\/?page_id=1391"},"modified":"2023-05-08T15:50:12","modified_gmt":"2023-05-08T20:50:12","slug":"integrations","status":"publish","type":"page","link":"https:\/\/3dmship.com\/fr\/integrations\/","title":{"rendered":"Int\u00e9grations"},"content":{"rendered":"<div data-elementor-type=\"wp-page\" data-elementor-id=\"1391\" class=\"elementor elementor-1391\">\n\t\t\t\t\t\t\t\t\t<section class=\"elementor-section elementor-inner-section elementor-element elementor-element-6fcf59ee elementor-section-boxed elementor-section-height-default elementor-section-height-default\" data-id=\"6fcf59ee\" data-element_type=\"section\" data-settings=\"{&quot;background_background&quot;:&quot;classic&quot;}\">\n\t\t\t\t\t\t<div class=\"elementor-container elementor-column-gap-default\">\n\t\t\t\t\t<div class=\"elementor-column elementor-col-100 elementor-inner-column elementor-element elementor-element-b3a7f5d\" data-id=\"b3a7f5d\" data-element_type=\"column\">\n\t\t\t<div class=\"elementor-widget-wrap elementor-element-populated\">\n\t\t\t\t\t\t\t\t<div class=\"elementor-element elementor-element-32e42c8 tt-shape-circle tt-equal-height-disable tt-view-stacked elementor-widget elementor-widget-tt-icon-box\" data-id=\"32e42c8\" data-element_type=\"widget\" data-widget_type=\"tt-icon-box.default\">\n\t\t\t\t<div class=\"elementor-widget-container\">\n\t\t\t<div class=\"tt-icon-box style--one icon--top\">\r\n\r\n    \r\n            <div class=\"tt-icon-box__icon-container\">\r\n                            <img decoding=\"async\" src=\"https:\/\/3dmship.com\/wp-content\/uploads\/2023\/02\/shopify-logo-scaled.webp\"\talt=\"Shopify\">\r\n                    <\/div>\r\n        <!-- \/.icon-container -->\r\n\r\n    <div class=\"tt-icon-box__content\">\r\n\r\n        <h3 class=\"tt-icon-box__title\">Shopify<\/h3>\r\n                    <p class=\"tt-icon-box__description\">\r\n                En quelques clics, vous pouvez g\u00e9n\u00e9rer des envois, imprimer des \u00e9tiquettes et planifier des enl\u00e8vements, tout en gardant une trace de vos commandes et de votre inventaire en un seul endroit.            <\/p>\r\n        \r\n            <\/div>\r\n\r\n    <\/div>\r\n<!-- \/.tt-icon-box -->\t\t<\/div>\n\t\t\t\t<\/div>\n\t\t\t\t\t<\/div>\n\t\t<\/div>\n\t\t\t\t\t\t\t<\/div>\n\t\t<\/section>\n\t\t\t\t\t\t\t<\/div>","protected":false},"excerpt":{"rendered":"<p>Shopify With just a few clicks, you can generate shipments, print labels, and schedule pickups, all while keeping track of your orders and inventory in one place.<\/p>","protected":false},"author":1,"featured_media":0,"parent":0,"menu_order":0,"comment_status":"closed","ping_status":"closed","template":"elementor_header_footer","meta":{"footnotes":""},"class_list":["post-1391","page","type-page","status-publish","hentry"],"_links":{"self":[{"href":"https:\/\/3dmship.com\/fr\/wp-json\/wp\/v2\/pages\/1391","targetHints":{"allow":["GET"]}}],"collection":[{"href":"https:\/\/3dmship.com\/fr\/wp-json\/wp\/v2\/pages"}],"about":[{"href":"https:\/\/3dmship.com\/fr\/wp-json\/wp\/v2\/types\/page"}],"author":[{"embeddable":true,"href":"https:\/\/3dmship.com\/fr\/wp-json\/wp\/v2\/users\/1"}],"replies":[{"embeddable":true,"href":"https:\/\/3dmship.com\/fr\/wp-json\/wp\/v2\/comments?post=1391"}],"version-history":[{"count":12,"href":"https:\/\/3dmship.com\/fr\/wp-json\/wp\/v2\/pages\/1391\/revisions"}],"predecessor-version":[{"id":7653,"href":"https:\/\/3dmship.com\/fr\/wp-json\/wp\/v2\/pages\/1391\/revisions\/7653"}],"wp:attachment":[{"href":"https:\/\/3dmship.com\/fr\/wp-json\/wp\/v2\/media?parent=1391"}],"curies":[{"name":"wp","href":"https:\/\/api.w.org\/{rel}","templated":true}]}}